{"id":1349,"date":"2025-06-04T12:02:22","date_gmt":"2025-06-04T10:02:22","guid":{"rendered":"https:\/\/www.champagnegmahe.fr\/?post_type=product&#038;p=1349"},"modified":"2026-03-11T09:36:32","modified_gmt":"2026-03-11T08:36:32","slug":"coffret-6-verres-tulipe-champagne","status":"publish","type":"product","link":"https:\/\/www.champagnegmahe.fr\/en\/boutique\/coffret-6-verres-tulipe-champagne\/","title":{"rendered":"Coffret de 6 verres tulipe"},"content":{"rendered":"<p>Discover our <a href=\"https:\/\/www.champagnegmahe.fr\/en\/boutique\/coffret-de-6-flutes-a-champagne\/\">engraved Champagne flutes<\/a> and our <a href=\"https:\/\/www.champagnegmahe.fr\/en\/boutique\/bouchon-champagne\/\">Champagne stopper<\/a> to preserve the aromas of your favorite cuv\u00e9es.<\/p>","protected":false},"excerpt":{"rendered":"<p>Elevate your tasting experience with our <b>set of 6 engraved tulip glasses Champagne G. Mah\u00e9.<\/b>Elegant and carefully designed, these glasses are ideal to appreciate all the aromatic richness and finesse of our cuv\u00e9es.<\/p>\n<p>Their shape helps concentrate aromas while preserving effervescence, for a precise tasting experience, full of character.<\/p>\n<p>Perfect for receptions, gifts or to add a touch of elegance to your table.<\/p>\n<p><b>Available for in-shop pickup only.<\/b><\/p>","protected":false},"featured_media":1354,"comment_status":"closed","ping_status":"closed","template":"","meta":{"neve_meta_sidebar":"","neve_meta_container":"","neve_meta_enable_content_width":"off","neve_meta_content_width":100,"neve_meta_title_alignment":"","neve_meta_author_avatar":"","neve_post_elements_order":"","neve_meta_disable_header":"","neve_meta_disable_footer":"","neve_meta_disable_title":""},"product_brand":[],"product_cat":[37],"product_tag":[],"class_list":{"0":"post-1349","1":"product","2":"type-product","3":"status-publish","4":"has-post-thumbnail","6":"product_cat-accessoires","7":"product_shipping_class-retrait","9":"first","10":"instock","11":"taxable","12":"shipping-taxable","13":"purchasable","14":"product-type-simple"},"yoast_head":"<!-- This site is optimized with the Yoast SEO plugin v27.2 - https:\/\/yoast.com\/product\/yoast-seo-wordpress\/ -->\n<title>Coffret de 6 verres tulipe - Champagne G. MAHE<\/title>\n<meta name=\"description\" content=\"Sublimez vos d\u00e9gustations de champagne avec notre coffret de 6 verres tulipes grav\u00e9es Champagne G. Mah\u00e9.\" \/>\n<meta name=\"robots\" content=\"index, follow, max-snippet:-1, max-image-preview:large, max-video-preview:-1\" \/>\n<link rel=\"canonical\" href=\"https:\/\/www.champagnegmahe.fr\/en\/boutique\/coffret-6-verres-tulipe-champagne\/\" \/>\n<meta property=\"og:locale\" content=\"en_GB\" \/>\n<meta property=\"og:type\" content=\"article\" \/>\n<meta property=\"og:title\" content=\"Coffret de 6 verres tulipe - Champagne G. MAHE\" \/>\n<meta property=\"og:description\" content=\"Sublimez vos d\u00e9gustations de champagne avec notre coffret de 6 verres tulipes grav\u00e9es Champagne G. Mah\u00e9.\" \/>\n<meta property=\"og:url\" content=\"https:\/\/www.champagnegmahe.fr\/en\/boutique\/coffret-6-verres-tulipe-champagne\/\" \/>\n<meta property=\"og:site_name\" content=\"Champagne G. MAHE\" \/>\n<meta property=\"article:modified_time\" content=\"2026-03-11T08:36:32+00:00\" \/>\n<meta property=\"og:image\" content=\"https:\/\/www.champagnegmahe.fr\/wp-content\/uploads\/2025\/06\/verre-tulipe-grave-champagne.webp\" \/>\n\t<meta property=\"og:image:width\" content=\"600\" \/>\n\t<meta property=\"og:image:height\" content=\"600\" \/>\n\t<meta property=\"og:image:type\" content=\"image\/webp\" \/>\n<meta name=\"twitter:card\" content=\"summary_large_image\" \/>\n<meta name=\"twitter:label1\" content=\"Estimated reading time\" \/>\n\t<meta name=\"twitter:data1\" content=\"1 minute\" \/>\n<script type=\"application\/ld+json\" class=\"yoast-schema-graph\">{\"@context\":\"https:\/\/schema.org\",\"@graph\":[{\"@type\":\"WebPage\",\"@id\":\"https:\/\/www.champagnegmahe.fr\/boutique\/coffret-6-verres-tulipe-champagne\/\",\"url\":\"https:\/\/www.champagnegmahe.fr\/boutique\/coffret-6-verres-tulipe-champagne\/\",\"name\":\"Coffret de 6 verres tulipe - Champagne G. MAHE\",\"isPartOf\":{\"@id\":\"https:\/\/www.champagnegmahe.fr\/#website\"},\"primaryImageOfPage\":{\"@id\":\"https:\/\/www.champagnegmahe.fr\/boutique\/coffret-6-verres-tulipe-champagne\/#primaryimage\"},\"image\":{\"@id\":\"https:\/\/www.champagnegmahe.fr\/boutique\/coffret-6-verres-tulipe-champagne\/#primaryimage\"},\"thumbnailUrl\":\"https:\/\/i0.wp.com\/www.champagnegmahe.fr\/wp-content\/uploads\/2025\/06\/verre-tulipe-grave-champagne.webp?fit=600%2C600&ssl=1\",\"datePublished\":\"2025-06-04T10:02:22+00:00\",\"dateModified\":\"2026-03-11T08:36:32+00:00\",\"description\":\"Sublimez vos d\u00e9gustations de champagne avec notre coffret de 6 verres tulipes grav\u00e9es Champagne G. Mah\u00e9.\",\"breadcrumb\":{\"@id\":\"https:\/\/www.champagnegmahe.fr\/boutique\/coffret-6-verres-tulipe-champagne\/#breadcrumb\"},\"inLanguage\":\"en-GB\",\"potentialAction\":[{\"@type\":\"ReadAction\",\"target\":[\"https:\/\/www.champagnegmahe.fr\/boutique\/coffret-6-verres-tulipe-champagne\/\"]}]},{\"@type\":\"ImageObject\",\"inLanguage\":\"en-GB\",\"@id\":\"https:\/\/www.champagnegmahe.fr\/boutique\/coffret-6-verres-tulipe-champagne\/#primaryimage\",\"url\":\"https:\/\/i0.wp.com\/www.champagnegmahe.fr\/wp-content\/uploads\/2025\/06\/verre-tulipe-grave-champagne.webp?fit=600%2C600&ssl=1\",\"contentUrl\":\"https:\/\/i0.wp.com\/www.champagnegmahe.fr\/wp-content\/uploads\/2025\/06\/verre-tulipe-grave-champagne.webp?fit=600%2C600&ssl=1\",\"width\":600,\"height\":600,\"caption\":\"verre tulipe grave\u0301 champagne\"},{\"@type\":\"BreadcrumbList\",\"@id\":\"https:\/\/www.champagnegmahe.fr\/boutique\/coffret-6-verres-tulipe-champagne\/#breadcrumb\",\"itemListElement\":[{\"@type\":\"ListItem\",\"position\":1,\"name\":\"Accueil\",\"item\":\"https:\/\/www.champagnegmahe.fr\/\"},{\"@type\":\"ListItem\",\"position\":2,\"name\":\"Boutique\",\"item\":\"https:\/\/www.champagnegmahe.fr\/boutique\/\"},{\"@type\":\"ListItem\",\"position\":3,\"name\":\"Coffret de 6 verres tulipe\"}]},{\"@type\":\"WebSite\",\"@id\":\"https:\/\/www.champagnegmahe.fr\/#website\",\"url\":\"https:\/\/www.champagnegmahe.fr\/\",\"name\":\"Champagne G. MAHE\",\"description\":\"Exploitation viticole \u00e0 Champvoisy, Marne\",\"publisher\":{\"@id\":\"https:\/\/www.champagnegmahe.fr\/#organization\"},\"potentialAction\":[{\"@type\":\"SearchAction\",\"target\":{\"@type\":\"EntryPoint\",\"urlTemplate\":\"https:\/\/www.champagnegmahe.fr\/?s={search_term_string}\"},\"query-input\":{\"@type\":\"PropertyValueSpecification\",\"valueRequired\":true,\"valueName\":\"search_term_string\"}}],\"inLanguage\":\"en-GB\"},{\"@type\":\"Organization\",\"@id\":\"https:\/\/www.champagnegmahe.fr\/#organization\",\"name\":\"Champagne G. MAHE\",\"url\":\"https:\/\/www.champagnegmahe.fr\/\",\"logo\":{\"@type\":\"ImageObject\",\"inLanguage\":\"en-GB\",\"@id\":\"https:\/\/www.champagnegmahe.fr\/#\/schema\/logo\/image\/\",\"url\":\"https:\/\/i0.wp.com\/www.champagnegmahe.fr\/wp-content\/uploads\/2021\/07\/CGM_logo-site.png?fit=480%2C160&ssl=1\",\"contentUrl\":\"https:\/\/i0.wp.com\/www.champagnegmahe.fr\/wp-content\/uploads\/2021\/07\/CGM_logo-site.png?fit=480%2C160&ssl=1\",\"width\":480,\"height\":160,\"caption\":\"Champagne G. MAHE\"},\"image\":{\"@id\":\"https:\/\/www.champagnegmahe.fr\/#\/schema\/logo\/image\/\"}}]}<\/script>\n<!-- \/ Yoast SEO plugin. -->","yoast_head_json":{"title":"Coffret de 6 verres tulipe - Champagne G. MAHE","description":"Sublimez vos d\u00e9gustations de champagne avec notre coffret de 6 verres tulipes grav\u00e9es Champagne G. Mah\u00e9.","robots":{"index":"index","follow":"follow","max-snippet":"max-snippet:-1","max-image-preview":"max-image-preview:large","max-video-preview":"max-video-preview:-1"},"canonical":"https:\/\/www.champagnegmahe.fr\/en\/boutique\/coffret-6-verres-tulipe-champagne\/","og_locale":"en_GB","og_type":"article","og_title":"Coffret de 6 verres tulipe - Champagne G. MAHE","og_description":"Sublimez vos d\u00e9gustations de champagne avec notre coffret de 6 verres tulipes grav\u00e9es Champagne G. Mah\u00e9.","og_url":"https:\/\/www.champagnegmahe.fr\/en\/boutique\/coffret-6-verres-tulipe-champagne\/","og_site_name":"Champagne G. MAHE","article_modified_time":"2026-03-11T08:36:32+00:00","og_image":[{"width":600,"height":600,"url":"https:\/\/www.champagnegmahe.fr\/wp-content\/uploads\/2025\/06\/verre-tulipe-grave-champagne.webp","type":"image\/webp"}],"twitter_card":"summary_large_image","twitter_misc":{"Estimated reading time":"1 minute"},"schema":{"@context":"https:\/\/schema.org","@graph":[{"@type":"WebPage","@id":"https:\/\/www.champagnegmahe.fr\/boutique\/coffret-6-verres-tulipe-champagne\/","url":"https:\/\/www.champagnegmahe.fr\/boutique\/coffret-6-verres-tulipe-champagne\/","name":"Coffret de 6 verres tulipe - Champagne G. MAHE","isPartOf":{"@id":"https:\/\/www.champagnegmahe.fr\/#website"},"primaryImageOfPage":{"@id":"https:\/\/www.champagnegmahe.fr\/boutique\/coffret-6-verres-tulipe-champagne\/#primaryimage"},"image":{"@id":"https:\/\/www.champagnegmahe.fr\/boutique\/coffret-6-verres-tulipe-champagne\/#primaryimage"},"thumbnailUrl":"https:\/\/i0.wp.com\/www.champagnegmahe.fr\/wp-content\/uploads\/2025\/06\/verre-tulipe-grave-champagne.webp?fit=600%2C600&ssl=1","datePublished":"2025-06-04T10:02:22+00:00","dateModified":"2026-03-11T08:36:32+00:00","description":"Sublimez vos d\u00e9gustations de champagne avec notre coffret de 6 verres tulipes grav\u00e9es Champagne G. Mah\u00e9.","breadcrumb":{"@id":"https:\/\/www.champagnegmahe.fr\/boutique\/coffret-6-verres-tulipe-champagne\/#breadcrumb"},"inLanguage":"en-GB","potentialAction":[{"@type":"ReadAction","target":["https:\/\/www.champagnegmahe.fr\/boutique\/coffret-6-verres-tulipe-champagne\/"]}]},{"@type":"ImageObject","inLanguage":"en-GB","@id":"https:\/\/www.champagnegmahe.fr\/boutique\/coffret-6-verres-tulipe-champagne\/#primaryimage","url":"https:\/\/i0.wp.com\/www.champagnegmahe.fr\/wp-content\/uploads\/2025\/06\/verre-tulipe-grave-champagne.webp?fit=600%2C600&ssl=1","contentUrl":"https:\/\/i0.wp.com\/www.champagnegmahe.fr\/wp-content\/uploads\/2025\/06\/verre-tulipe-grave-champagne.webp?fit=600%2C600&ssl=1","width":600,"height":600,"caption":"verre tulipe grave\u0301 champagne"},{"@type":"BreadcrumbList","@id":"https:\/\/www.champagnegmahe.fr\/boutique\/coffret-6-verres-tulipe-champagne\/#breadcrumb","itemListElement":[{"@type":"ListItem","position":1,"name":"Accueil","item":"https:\/\/www.champagnegmahe.fr\/"},{"@type":"ListItem","position":2,"name":"Boutique","item":"https:\/\/www.champagnegmahe.fr\/boutique\/"},{"@type":"ListItem","position":3,"name":"Coffret de 6 verres tulipe"}]},{"@type":"WebSite","@id":"https:\/\/www.champagnegmahe.fr\/#website","url":"https:\/\/www.champagnegmahe.fr\/","name":"Champagne G. MAHE","description":"Exploitation viticole \u00e0 Champvoisy, Marne","publisher":{"@id":"https:\/\/www.champagnegmahe.fr\/#organization"},"potentialAction":[{"@type":"SearchAction","target":{"@type":"EntryPoint","urlTemplate":"https:\/\/www.champagnegmahe.fr\/?s={search_term_string}"},"query-input":{"@type":"PropertyValueSpecification","valueRequired":true,"valueName":"search_term_string"}}],"inLanguage":"en-GB"},{"@type":"Organization","@id":"https:\/\/www.champagnegmahe.fr\/#organization","name":"Champagne G. MAHE","url":"https:\/\/www.champagnegmahe.fr\/","logo":{"@type":"ImageObject","inLanguage":"en-GB","@id":"https:\/\/www.champagnegmahe.fr\/#\/schema\/logo\/image\/","url":"https:\/\/i0.wp.com\/www.champagnegmahe.fr\/wp-content\/uploads\/2021\/07\/CGM_logo-site.png?fit=480%2C160&ssl=1","contentUrl":"https:\/\/i0.wp.com\/www.champagnegmahe.fr\/wp-content\/uploads\/2021\/07\/CGM_logo-site.png?fit=480%2C160&ssl=1","width":480,"height":160,"caption":"Champagne G. MAHE"},"image":{"@id":"https:\/\/www.champagnegmahe.fr\/#\/schema\/logo\/image\/"}}]}},"jetpack_sharing_enabled":true,"_links":{"self":[{"href":"https:\/\/www.champagnegmahe.fr\/en\/wp-json\/wp\/v2\/product\/1349","targetHints":{"allow":["GET"]}}],"collection":[{"href":"https:\/\/www.champagnegmahe.fr\/en\/wp-json\/wp\/v2\/product"}],"about":[{"href":"https:\/\/www.champagnegmahe.fr\/en\/wp-json\/wp\/v2\/types\/product"}],"replies":[{"embeddable":true,"href":"https:\/\/www.champagnegmahe.fr\/en\/wp-json\/wp\/v2\/comments?post=1349"}],"wp:featuredmedia":[{"embeddable":true,"href":"https:\/\/www.champagnegmahe.fr\/en\/wp-json\/wp\/v2\/media\/1354"}],"wp:attachment":[{"href":"https:\/\/www.champagnegmahe.fr\/en\/wp-json\/wp\/v2\/media?parent=1349"}],"wp:term":[{"taxonomy":"product_brand","embeddable":true,"href":"https:\/\/www.champagnegmahe.fr\/en\/wp-json\/wp\/v2\/product_brand?post=1349"},{"taxonomy":"product_cat","embeddable":true,"href":"https:\/\/www.champagnegmahe.fr\/en\/wp-json\/wp\/v2\/product_cat?post=1349"},{"taxonomy":"product_tag","embeddable":true,"href":"https:\/\/www.champagnegmahe.fr\/en\/wp-json\/wp\/v2\/product_tag?post=1349"}],"curies":[{"name":"wp","href":"https:\/\/api.w.org\/{rel}","templated":true}]}}