{"id":1210,"date":"2025-04-09T14:53:36","date_gmt":"2025-04-09T12:53:36","guid":{"rendered":"https:\/\/www.champagnegmahe.fr\/?post_type=product&#038;p=1210"},"modified":"2026-03-11T09:36:23","modified_gmt":"2026-03-11T08:36:23","slug":"coffret-de-6-flutes-a-champagne","status":"publish","type":"product","link":"https:\/\/www.champagnegmahe.fr\/en\/boutique\/coffret-de-6-flutes-a-champagne\/","title":{"rendered":"Set of 6 Champagne flutes"},"content":{"rendered":"<p data-start=\"778\" data-end=\"841\">Set of 6 high-quality clear glass flutes<\/p>\n<p data-start=\"842\" data-end=\"895\">Engraved with the Champagne G. Mah\u00e9 name<\/p>\n<p data-start=\"896\" data-end=\"951\">Ideal shape for Champagne tasting<\/p>\n<p data-start=\"952\" data-end=\"1004\">Beautifully presented \u2014 perfect for gifts<\/p>","protected":false},"excerpt":{"rendered":"<p class=\"\" data-start=\"220\" data-end=\"467\">Elevate your tasting experience with our <strong data-start=\"257\" data-end=\"318\">set of 6 engraved Champagne flutes by Champagne G. Mah\u00e9.<\/strong>Elegant and refined, these flutes are especially designed to enhance the aromatic complexity and delicate effervescence of our cuv\u00e9es.<\/p>\n<p class=\"\" data-start=\"469\" data-end=\"666\">Their slender shape helps bubbles to form and highlights the Champagne\u2019s color and clarity \u2014 for a tasting experience that meets the highest expectations.<\/p>\n<p class=\"\" data-start=\"668\" data-end=\"776\">Perfect for receptions, gift, or simply adding a touch of Champagne prestige to your tableware.<\/p>\n<p><strong>Available for in-shop pickup only.<\/strong><\/p>","protected":false},"featured_media":1216,"comment_status":"closed","ping_status":"closed","template":"","meta":{"neve_meta_sidebar":"","neve_meta_container":"","neve_meta_enable_content_width":"off","neve_meta_content_width":100,"neve_meta_title_alignment":"","neve_meta_author_avatar":"","neve_post_elements_order":"","neve_meta_disable_header":"","neve_meta_disable_footer":"","neve_meta_disable_title":""},"product_brand":[],"product_cat":[37],"product_tag":[],"class_list":{"0":"post-1210","1":"product","2":"type-product","3":"status-publish","4":"has-post-thumbnail","6":"product_cat-accessoires","7":"product_shipping_class-retrait","9":"first","10":"instock","11":"taxable","12":"shipping-taxable","13":"purchasable","14":"product-type-simple"},"yoast_head":"<!-- This site is optimized with the Yoast SEO plugin v27.2 - https:\/\/yoast.com\/product\/yoast-seo-wordpress\/ -->\n<title>Coffret de 6 fl\u00fbtes \u00e0 champagne - Champagne G. MAHE<\/title>\n<meta name=\"description\" content=\"Sublimez vos d\u00e9gustations avec notre coffret de 6 fl\u00fbtes \u00e0 champagne grav\u00e9es Champagne G. Mah\u00e9.\" \/>\n<meta name=\"robots\" content=\"index, follow, max-snippet:-1, max-image-preview:large, max-video-preview:-1\" \/>\n<link rel=\"canonical\" href=\"https:\/\/www.champagnegmahe.fr\/en\/boutique\/coffret-de-6-flutes-a-champagne\/\" \/>\n<meta property=\"og:locale\" content=\"en_GB\" \/>\n<meta property=\"og:type\" content=\"article\" \/>\n<meta property=\"og:title\" content=\"Coffret de 6 fl\u00fbtes \u00e0 champagne - Champagne G. MAHE\" \/>\n<meta property=\"og:description\" content=\"Sublimez vos d\u00e9gustations avec notre coffret de 6 fl\u00fbtes \u00e0 champagne grav\u00e9es Champagne G. Mah\u00e9.\" \/>\n<meta property=\"og:url\" content=\"https:\/\/www.champagnegmahe.fr\/en\/boutique\/coffret-de-6-flutes-a-champagne\/\" \/>\n<meta property=\"og:site_name\" content=\"Champagne G. MAHE\" \/>\n<meta property=\"article:modified_time\" content=\"2026-03-11T08:36:23+00:00\" \/>\n<meta property=\"og:image\" content=\"https:\/\/www.champagnegmahe.fr\/wp-content\/uploads\/2025\/04\/flute-champagne-G.-Mahe.webp\" \/>\n\t<meta property=\"og:image:width\" content=\"600\" \/>\n\t<meta property=\"og:image:height\" content=\"600\" \/>\n\t<meta property=\"og:image:type\" content=\"image\/webp\" \/>\n<meta name=\"twitter:card\" content=\"summary_large_image\" \/>\n<meta name=\"twitter:label1\" content=\"Estimated reading time\" \/>\n\t<meta name=\"twitter:data1\" content=\"1 minute\" \/>\n<script type=\"application\/ld+json\" class=\"yoast-schema-graph\">{\"@context\":\"https:\/\/schema.org\",\"@graph\":[{\"@type\":\"WebPage\",\"@id\":\"https:\/\/www.champagnegmahe.fr\/boutique\/coffret-de-6-flutes-a-champagne\/\",\"url\":\"https:\/\/www.champagnegmahe.fr\/boutique\/coffret-de-6-flutes-a-champagne\/\",\"name\":\"Coffret de 6 fl\u00fbtes \u00e0 champagne - Champagne G. MAHE\",\"isPartOf\":{\"@id\":\"https:\/\/www.champagnegmahe.fr\/#website\"},\"primaryImageOfPage\":{\"@id\":\"https:\/\/www.champagnegmahe.fr\/boutique\/coffret-de-6-flutes-a-champagne\/#primaryimage\"},\"image\":{\"@id\":\"https:\/\/www.champagnegmahe.fr\/boutique\/coffret-de-6-flutes-a-champagne\/#primaryimage\"},\"thumbnailUrl\":\"https:\/\/i0.wp.com\/www.champagnegmahe.fr\/wp-content\/uploads\/2025\/04\/flute-champagne-G.-Mahe.webp?fit=600%2C600&ssl=1\",\"datePublished\":\"2025-04-09T12:53:36+00:00\",\"dateModified\":\"2026-03-11T08:36:23+00:00\",\"description\":\"Sublimez vos d\u00e9gustations avec notre coffret de 6 fl\u00fbtes \u00e0 champagne grav\u00e9es Champagne G. Mah\u00e9.\",\"breadcrumb\":{\"@id\":\"https:\/\/www.champagnegmahe.fr\/boutique\/coffret-de-6-flutes-a-champagne\/#breadcrumb\"},\"inLanguage\":\"en-GB\",\"potentialAction\":[{\"@type\":\"ReadAction\",\"target\":[\"https:\/\/www.champagnegmahe.fr\/boutique\/coffret-de-6-flutes-a-champagne\/\"]}]},{\"@type\":\"ImageObject\",\"inLanguage\":\"en-GB\",\"@id\":\"https:\/\/www.champagnegmahe.fr\/boutique\/coffret-de-6-flutes-a-champagne\/#primaryimage\",\"url\":\"https:\/\/i0.wp.com\/www.champagnegmahe.fr\/wp-content\/uploads\/2025\/04\/flute-champagne-G.-Mahe.webp?fit=600%2C600&ssl=1\",\"contentUrl\":\"https:\/\/i0.wp.com\/www.champagnegmahe.fr\/wp-content\/uploads\/2025\/04\/flute-champagne-G.-Mahe.webp?fit=600%2C600&ssl=1\",\"width\":600,\"height\":600,\"caption\":\"flute champagne G. Mahe\u0301\"},{\"@type\":\"BreadcrumbList\",\"@id\":\"https:\/\/www.champagnegmahe.fr\/boutique\/coffret-de-6-flutes-a-champagne\/#breadcrumb\",\"itemListElement\":[{\"@type\":\"ListItem\",\"position\":1,\"name\":\"Accueil\",\"item\":\"https:\/\/www.champagnegmahe.fr\/\"},{\"@type\":\"ListItem\",\"position\":2,\"name\":\"Boutique\",\"item\":\"https:\/\/www.champagnegmahe.fr\/boutique\/\"},{\"@type\":\"ListItem\",\"position\":3,\"name\":\"Coffret de 6 fl\u00fbtes \u00e0 champagne\"}]},{\"@type\":\"WebSite\",\"@id\":\"https:\/\/www.champagnegmahe.fr\/#website\",\"url\":\"https:\/\/www.champagnegmahe.fr\/\",\"name\":\"Champagne G. MAHE\",\"description\":\"Exploitation viticole \u00e0 Champvoisy, Marne\",\"publisher\":{\"@id\":\"https:\/\/www.champagnegmahe.fr\/#organization\"},\"potentialAction\":[{\"@type\":\"SearchAction\",\"target\":{\"@type\":\"EntryPoint\",\"urlTemplate\":\"https:\/\/www.champagnegmahe.fr\/?s={search_term_string}\"},\"query-input\":{\"@type\":\"PropertyValueSpecification\",\"valueRequired\":true,\"valueName\":\"search_term_string\"}}],\"inLanguage\":\"en-GB\"},{\"@type\":\"Organization\",\"@id\":\"https:\/\/www.champagnegmahe.fr\/#organization\",\"name\":\"Champagne G. MAHE\",\"url\":\"https:\/\/www.champagnegmahe.fr\/\",\"logo\":{\"@type\":\"ImageObject\",\"inLanguage\":\"en-GB\",\"@id\":\"https:\/\/www.champagnegmahe.fr\/#\/schema\/logo\/image\/\",\"url\":\"https:\/\/i0.wp.com\/www.champagnegmahe.fr\/wp-content\/uploads\/2021\/07\/CGM_logo-site.png?fit=480%2C160&ssl=1\",\"contentUrl\":\"https:\/\/i0.wp.com\/www.champagnegmahe.fr\/wp-content\/uploads\/2021\/07\/CGM_logo-site.png?fit=480%2C160&ssl=1\",\"width\":480,\"height\":160,\"caption\":\"Champagne G. MAHE\"},\"image\":{\"@id\":\"https:\/\/www.champagnegmahe.fr\/#\/schema\/logo\/image\/\"}}]}<\/script>\n<!-- \/ Yoast SEO plugin. -->","yoast_head_json":{"title":"Coffret de 6 fl\u00fbtes \u00e0 champagne - Champagne G. MAHE","description":"Sublimez vos d\u00e9gustations avec notre coffret de 6 fl\u00fbtes \u00e0 champagne grav\u00e9es Champagne G. Mah\u00e9.","robots":{"index":"index","follow":"follow","max-snippet":"max-snippet:-1","max-image-preview":"max-image-preview:large","max-video-preview":"max-video-preview:-1"},"canonical":"https:\/\/www.champagnegmahe.fr\/en\/boutique\/coffret-de-6-flutes-a-champagne\/","og_locale":"en_GB","og_type":"article","og_title":"Coffret de 6 fl\u00fbtes \u00e0 champagne - Champagne G. MAHE","og_description":"Sublimez vos d\u00e9gustations avec notre coffret de 6 fl\u00fbtes \u00e0 champagne grav\u00e9es Champagne G. Mah\u00e9.","og_url":"https:\/\/www.champagnegmahe.fr\/en\/boutique\/coffret-de-6-flutes-a-champagne\/","og_site_name":"Champagne G. MAHE","article_modified_time":"2026-03-11T08:36:23+00:00","og_image":[{"width":600,"height":600,"url":"https:\/\/www.champagnegmahe.fr\/wp-content\/uploads\/2025\/04\/flute-champagne-G.-Mahe.webp","type":"image\/webp"}],"twitter_card":"summary_large_image","twitter_misc":{"Estimated reading time":"1 minute"},"schema":{"@context":"https:\/\/schema.org","@graph":[{"@type":"WebPage","@id":"https:\/\/www.champagnegmahe.fr\/boutique\/coffret-de-6-flutes-a-champagne\/","url":"https:\/\/www.champagnegmahe.fr\/boutique\/coffret-de-6-flutes-a-champagne\/","name":"Coffret de 6 fl\u00fbtes \u00e0 champagne - Champagne G. MAHE","isPartOf":{"@id":"https:\/\/www.champagnegmahe.fr\/#website"},"primaryImageOfPage":{"@id":"https:\/\/www.champagnegmahe.fr\/boutique\/coffret-de-6-flutes-a-champagne\/#primaryimage"},"image":{"@id":"https:\/\/www.champagnegmahe.fr\/boutique\/coffret-de-6-flutes-a-champagne\/#primaryimage"},"thumbnailUrl":"https:\/\/i0.wp.com\/www.champagnegmahe.fr\/wp-content\/uploads\/2025\/04\/flute-champagne-G.-Mahe.webp?fit=600%2C600&ssl=1","datePublished":"2025-04-09T12:53:36+00:00","dateModified":"2026-03-11T08:36:23+00:00","description":"Sublimez vos d\u00e9gustations avec notre coffret de 6 fl\u00fbtes \u00e0 champagne grav\u00e9es Champagne G. Mah\u00e9.","breadcrumb":{"@id":"https:\/\/www.champagnegmahe.fr\/boutique\/coffret-de-6-flutes-a-champagne\/#breadcrumb"},"inLanguage":"en-GB","potentialAction":[{"@type":"ReadAction","target":["https:\/\/www.champagnegmahe.fr\/boutique\/coffret-de-6-flutes-a-champagne\/"]}]},{"@type":"ImageObject","inLanguage":"en-GB","@id":"https:\/\/www.champagnegmahe.fr\/boutique\/coffret-de-6-flutes-a-champagne\/#primaryimage","url":"https:\/\/i0.wp.com\/www.champagnegmahe.fr\/wp-content\/uploads\/2025\/04\/flute-champagne-G.-Mahe.webp?fit=600%2C600&ssl=1","contentUrl":"https:\/\/i0.wp.com\/www.champagnegmahe.fr\/wp-content\/uploads\/2025\/04\/flute-champagne-G.-Mahe.webp?fit=600%2C600&ssl=1","width":600,"height":600,"caption":"flute champagne G. Mahe\u0301"},{"@type":"BreadcrumbList","@id":"https:\/\/www.champagnegmahe.fr\/boutique\/coffret-de-6-flutes-a-champagne\/#breadcrumb","itemListElement":[{"@type":"ListItem","position":1,"name":"Accueil","item":"https:\/\/www.champagnegmahe.fr\/"},{"@type":"ListItem","position":2,"name":"Boutique","item":"https:\/\/www.champagnegmahe.fr\/boutique\/"},{"@type":"ListItem","position":3,"name":"Coffret de 6 fl\u00fbtes \u00e0 champagne"}]},{"@type":"WebSite","@id":"https:\/\/www.champagnegmahe.fr\/#website","url":"https:\/\/www.champagnegmahe.fr\/","name":"Champagne G. MAHE","description":"Exploitation viticole \u00e0 Champvoisy, Marne","publisher":{"@id":"https:\/\/www.champagnegmahe.fr\/#organization"},"potentialAction":[{"@type":"SearchAction","target":{"@type":"EntryPoint","urlTemplate":"https:\/\/www.champagnegmahe.fr\/?s={search_term_string}"},"query-input":{"@type":"PropertyValueSpecification","valueRequired":true,"valueName":"search_term_string"}}],"inLanguage":"en-GB"},{"@type":"Organization","@id":"https:\/\/www.champagnegmahe.fr\/#organization","name":"Champagne G. MAHE","url":"https:\/\/www.champagnegmahe.fr\/","logo":{"@type":"ImageObject","inLanguage":"en-GB","@id":"https:\/\/www.champagnegmahe.fr\/#\/schema\/logo\/image\/","url":"https:\/\/i0.wp.com\/www.champagnegmahe.fr\/wp-content\/uploads\/2021\/07\/CGM_logo-site.png?fit=480%2C160&ssl=1","contentUrl":"https:\/\/i0.wp.com\/www.champagnegmahe.fr\/wp-content\/uploads\/2021\/07\/CGM_logo-site.png?fit=480%2C160&ssl=1","width":480,"height":160,"caption":"Champagne G. MAHE"},"image":{"@id":"https:\/\/www.champagnegmahe.fr\/#\/schema\/logo\/image\/"}}]}},"jetpack_sharing_enabled":true,"_links":{"self":[{"href":"https:\/\/www.champagnegmahe.fr\/en\/wp-json\/wp\/v2\/product\/1210","targetHints":{"allow":["GET"]}}],"collection":[{"href":"https:\/\/www.champagnegmahe.fr\/en\/wp-json\/wp\/v2\/product"}],"about":[{"href":"https:\/\/www.champagnegmahe.fr\/en\/wp-json\/wp\/v2\/types\/product"}],"replies":[{"embeddable":true,"href":"https:\/\/www.champagnegmahe.fr\/en\/wp-json\/wp\/v2\/comments?post=1210"}],"wp:featuredmedia":[{"embeddable":true,"href":"https:\/\/www.champagnegmahe.fr\/en\/wp-json\/wp\/v2\/media\/1216"}],"wp:attachment":[{"href":"https:\/\/www.champagnegmahe.fr\/en\/wp-json\/wp\/v2\/media?parent=1210"}],"wp:term":[{"taxonomy":"product_brand","embeddable":true,"href":"https:\/\/www.champagnegmahe.fr\/en\/wp-json\/wp\/v2\/product_brand?post=1210"},{"taxonomy":"product_cat","embeddable":true,"href":"https:\/\/www.champagnegmahe.fr\/en\/wp-json\/wp\/v2\/product_cat?post=1210"},{"taxonomy":"product_tag","embeddable":true,"href":"https:\/\/www.champagnegmahe.fr\/en\/wp-json\/wp\/v2\/product_tag?post=1210"}],"curies":[{"name":"wp","href":"https:\/\/api.w.org\/{rel}","templated":true}]}}