{"id":1207,"date":"2025-04-09T14:36:44","date_gmt":"2025-04-09T12:36:44","guid":{"rendered":"https:\/\/www.champagnegmahe.fr\/?post_type=product&#038;p=1207"},"modified":"2026-03-11T09:36:11","modified_gmt":"2026-03-11T08:36:11","slug":"bouchon-champagne","status":"publish","type":"product","link":"https:\/\/www.champagnegmahe.fr\/en\/boutique\/bouchon-champagne\/","title":{"rendered":"Champagne stopper"},"content":{"rendered":"<p class=\"\" data-start=\"190\" data-end=\"511\">Keep the delicate bubbles of your G. Mah\u00e9 Champagne longer with this <strong data-start=\"270\" data-end=\"344\">airtight stopper, especially designed for champagne bottles<\/strong>Once a bottle is opened, this stopper helps preserve the aromas and freshness of your cuv\u00e9e, allowing extended enjoyment in the best possible conditions.<\/p>\n<p class=\"\" data-start=\"513\" data-end=\"750\">With a secure locking system, this <strong data-start=\"584\" data-end=\"622\">professional-grade stopper<\/strong> is practical, elegant, and reusable. It fits perfectly all traditional Champagne bottles.<\/p>\n<p class=\"\" data-start=\"752\" data-end=\"929\">Whether you have a family dinner, a get-together with friends, or a celebration, this stopper ensures that every glass tastes as fresh as when the bottle was first opened.<\/p>\n<h4 class=\"\" data-start=\"931\" data-end=\"991\">Compatible with all Champagne bottles<\/h4>\n<h4 class=\"\" data-start=\"992\" data-end=\"1039\">Leak-proof, durable, and easy to use<\/h4>\n<h4 class=\"\" data-start=\"1040\" data-end=\"1095\">Perfect for preserving bubbles and freshness<\/h4>","protected":false},"excerpt":{"rendered":"<p>Conservez plus longtemps les fines bulles de votre Champagne G. Mah\u00e9 gr\u00e2ce \u00e0 ce bouchon herm\u00e9tique sp\u00e9cialement con\u00e7u pour les bouteilles de champagne. Apr\u00e8s l\u2019ouverture d\u2019une bouteille, ce bouchon pr\u00e9serve les ar\u00f4mes et la fra\u00eecheur de votre cuv\u00e9e pour une d\u00e9gustation prolong\u00e9e dans les meilleures conditions. Avec son syst\u00e8me de fermeture s\u00e9curis\u00e9, ce bouchon de qualit\u00e9 professionnelle est \u00e0 la fois pratique, \u00e9l\u00e9gant et r\u00e9utilisable. Il s\u2019adapte parfaitement \u00e0 toutes les bouteilles de champagne traditionnelles. Que ce soit pour vos repas en famille, vos ap\u00e9ritifs entre amis ou vos c\u00e9l\u00e9brations, ce bouchon vous permet de savourer chaque coupe comme si la bouteille venait d\u2019\u00eatre ouverte. \u2714\ufe0f Compatible avec toutes les bouteilles de Champagne \u2714\ufe0f \u00c9tanche, robuste et facile \u00e0 utiliser \u2714\ufe0f Id\u00e9al pour pr\u00e9server les bulles et la fra\u00eecheur<\/p>","protected":false},"featured_media":1209,"comment_status":"closed","ping_status":"closed","template":"","meta":{"neve_meta_sidebar":"","neve_meta_container":"","neve_meta_enable_content_width":"off","neve_meta_content_width":100,"neve_meta_title_alignment":"","neve_meta_author_avatar":"","neve_post_elements_order":"","neve_meta_disable_header":"","neve_meta_disable_footer":"","neve_meta_disable_title":""},"product_brand":[],"product_cat":[37],"product_tag":[],"class_list":{"0":"post-1207","1":"product","2":"type-product","3":"status-publish","4":"has-post-thumbnail","6":"product_cat-accessoires","8":"first","9":"instock","10":"taxable","11":"shipping-taxable","12":"purchasable","13":"product-type-simple"},"yoast_head":"<!-- This site is optimized with the Yoast SEO plugin v27.2 - https:\/\/yoast.com\/product\/yoast-seo-wordpress\/ -->\n<title>Bouchon de champagne - Champagne G. MAHE<\/title>\n<meta name=\"description\" content=\"Conservez plus longtemps les fines bulles de votre Champagne G. Mah\u00e9 gr\u00e2ce \u00e0 ce bouchon herm\u00e9tique sp\u00e9cialement con\u00e7u pour les bouteilles de champagne.\" \/>\n<meta name=\"robots\" content=\"index, follow, max-snippet:-1, max-image-preview:large, max-video-preview:-1\" \/>\n<link rel=\"canonical\" href=\"https:\/\/www.champagnegmahe.fr\/en\/boutique\/bouchon-champagne\/\" \/>\n<meta property=\"og:locale\" content=\"en_GB\" \/>\n<meta property=\"og:type\" content=\"article\" \/>\n<meta property=\"og:title\" content=\"Bouchon de champagne - Champagne G. MAHE\" \/>\n<meta property=\"og:description\" content=\"Conservez plus longtemps les fines bulles de votre Champagne G. Mah\u00e9 gr\u00e2ce \u00e0 ce bouchon herm\u00e9tique sp\u00e9cialement con\u00e7u pour les bouteilles de champagne.\" \/>\n<meta property=\"og:url\" content=\"https:\/\/www.champagnegmahe.fr\/en\/boutique\/bouchon-champagne\/\" \/>\n<meta property=\"og:site_name\" content=\"Champagne G. MAHE\" \/>\n<meta property=\"article:modified_time\" content=\"2026-03-11T08:36:11+00:00\" \/>\n<meta property=\"og:image\" content=\"https:\/\/www.champagnegmahe.fr\/wp-content\/uploads\/2025\/04\/bouchon-champagne.webp\" \/>\n\t<meta property=\"og:image:width\" content=\"600\" \/>\n\t<meta property=\"og:image:height\" content=\"600\" \/>\n\t<meta property=\"og:image:type\" content=\"image\/webp\" \/>\n<meta name=\"twitter:card\" content=\"summary_large_image\" \/>\n<meta name=\"twitter:label1\" content=\"Estimated reading time\" \/>\n\t<meta name=\"twitter:data1\" content=\"1 minute\" \/>\n<script type=\"application\/ld+json\" class=\"yoast-schema-graph\">{\"@context\":\"https:\/\/schema.org\",\"@graph\":[{\"@type\":\"WebPage\",\"@id\":\"https:\/\/www.champagnegmahe.fr\/boutique\/bouchon-champagne\/\",\"url\":\"https:\/\/www.champagnegmahe.fr\/boutique\/bouchon-champagne\/\",\"name\":\"Bouchon de champagne - Champagne G. MAHE\",\"isPartOf\":{\"@id\":\"https:\/\/www.champagnegmahe.fr\/#website\"},\"primaryImageOfPage\":{\"@id\":\"https:\/\/www.champagnegmahe.fr\/boutique\/bouchon-champagne\/#primaryimage\"},\"image\":{\"@id\":\"https:\/\/www.champagnegmahe.fr\/boutique\/bouchon-champagne\/#primaryimage\"},\"thumbnailUrl\":\"https:\/\/i0.wp.com\/www.champagnegmahe.fr\/wp-content\/uploads\/2025\/04\/bouchon-champagne.webp?fit=600%2C600&ssl=1\",\"datePublished\":\"2025-04-09T12:36:44+00:00\",\"dateModified\":\"2026-03-11T08:36:11+00:00\",\"description\":\"Conservez plus longtemps les fines bulles de votre Champagne G. Mah\u00e9 gr\u00e2ce \u00e0 ce bouchon herm\u00e9tique sp\u00e9cialement con\u00e7u pour les bouteilles de champagne.\",\"breadcrumb\":{\"@id\":\"https:\/\/www.champagnegmahe.fr\/boutique\/bouchon-champagne\/#breadcrumb\"},\"inLanguage\":\"en-GB\",\"potentialAction\":[{\"@type\":\"ReadAction\",\"target\":[\"https:\/\/www.champagnegmahe.fr\/boutique\/bouchon-champagne\/\"]}]},{\"@type\":\"ImageObject\",\"inLanguage\":\"en-GB\",\"@id\":\"https:\/\/www.champagnegmahe.fr\/boutique\/bouchon-champagne\/#primaryimage\",\"url\":\"https:\/\/i0.wp.com\/www.champagnegmahe.fr\/wp-content\/uploads\/2025\/04\/bouchon-champagne.webp?fit=600%2C600&ssl=1\",\"contentUrl\":\"https:\/\/i0.wp.com\/www.champagnegmahe.fr\/wp-content\/uploads\/2025\/04\/bouchon-champagne.webp?fit=600%2C600&ssl=1\",\"width\":600,\"height\":600,\"caption\":\"bouchon champagne G. Mahe\u0301\"},{\"@type\":\"BreadcrumbList\",\"@id\":\"https:\/\/www.champagnegmahe.fr\/boutique\/bouchon-champagne\/#breadcrumb\",\"itemListElement\":[{\"@type\":\"ListItem\",\"position\":1,\"name\":\"Accueil\",\"item\":\"https:\/\/www.champagnegmahe.fr\/\"},{\"@type\":\"ListItem\",\"position\":2,\"name\":\"Boutique\",\"item\":\"https:\/\/www.champagnegmahe.fr\/boutique\/\"},{\"@type\":\"ListItem\",\"position\":3,\"name\":\"Bouchon de champagne\"}]},{\"@type\":\"WebSite\",\"@id\":\"https:\/\/www.champagnegmahe.fr\/#website\",\"url\":\"https:\/\/www.champagnegmahe.fr\/\",\"name\":\"Champagne G. MAHE\",\"description\":\"Exploitation viticole \u00e0 Champvoisy, Marne\",\"publisher\":{\"@id\":\"https:\/\/www.champagnegmahe.fr\/#organization\"},\"potentialAction\":[{\"@type\":\"SearchAction\",\"target\":{\"@type\":\"EntryPoint\",\"urlTemplate\":\"https:\/\/www.champagnegmahe.fr\/?s={search_term_string}\"},\"query-input\":{\"@type\":\"PropertyValueSpecification\",\"valueRequired\":true,\"valueName\":\"search_term_string\"}}],\"inLanguage\":\"en-GB\"},{\"@type\":\"Organization\",\"@id\":\"https:\/\/www.champagnegmahe.fr\/#organization\",\"name\":\"Champagne G. MAHE\",\"url\":\"https:\/\/www.champagnegmahe.fr\/\",\"logo\":{\"@type\":\"ImageObject\",\"inLanguage\":\"en-GB\",\"@id\":\"https:\/\/www.champagnegmahe.fr\/#\/schema\/logo\/image\/\",\"url\":\"https:\/\/i0.wp.com\/www.champagnegmahe.fr\/wp-content\/uploads\/2021\/07\/CGM_logo-site.png?fit=480%2C160&ssl=1\",\"contentUrl\":\"https:\/\/i0.wp.com\/www.champagnegmahe.fr\/wp-content\/uploads\/2021\/07\/CGM_logo-site.png?fit=480%2C160&ssl=1\",\"width\":480,\"height\":160,\"caption\":\"Champagne G. MAHE\"},\"image\":{\"@id\":\"https:\/\/www.champagnegmahe.fr\/#\/schema\/logo\/image\/\"}}]}<\/script>\n<!-- \/ Yoast SEO plugin. -->","yoast_head_json":{"title":"Bouchon de champagne - Champagne G. MAHE","description":"Conservez plus longtemps les fines bulles de votre Champagne G. Mah\u00e9 gr\u00e2ce \u00e0 ce bouchon herm\u00e9tique sp\u00e9cialement con\u00e7u pour les bouteilles de champagne.","robots":{"index":"index","follow":"follow","max-snippet":"max-snippet:-1","max-image-preview":"max-image-preview:large","max-video-preview":"max-video-preview:-1"},"canonical":"https:\/\/www.champagnegmahe.fr\/en\/boutique\/bouchon-champagne\/","og_locale":"en_GB","og_type":"article","og_title":"Bouchon de champagne - Champagne G. MAHE","og_description":"Conservez plus longtemps les fines bulles de votre Champagne G. Mah\u00e9 gr\u00e2ce \u00e0 ce bouchon herm\u00e9tique sp\u00e9cialement con\u00e7u pour les bouteilles de champagne.","og_url":"https:\/\/www.champagnegmahe.fr\/en\/boutique\/bouchon-champagne\/","og_site_name":"Champagne G. MAHE","article_modified_time":"2026-03-11T08:36:11+00:00","og_image":[{"width":600,"height":600,"url":"https:\/\/www.champagnegmahe.fr\/wp-content\/uploads\/2025\/04\/bouchon-champagne.webp","type":"image\/webp"}],"twitter_card":"summary_large_image","twitter_misc":{"Estimated reading time":"1 minute"},"schema":{"@context":"https:\/\/schema.org","@graph":[{"@type":"WebPage","@id":"https:\/\/www.champagnegmahe.fr\/boutique\/bouchon-champagne\/","url":"https:\/\/www.champagnegmahe.fr\/boutique\/bouchon-champagne\/","name":"Bouchon de champagne - Champagne G. MAHE","isPartOf":{"@id":"https:\/\/www.champagnegmahe.fr\/#website"},"primaryImageOfPage":{"@id":"https:\/\/www.champagnegmahe.fr\/boutique\/bouchon-champagne\/#primaryimage"},"image":{"@id":"https:\/\/www.champagnegmahe.fr\/boutique\/bouchon-champagne\/#primaryimage"},"thumbnailUrl":"https:\/\/i0.wp.com\/www.champagnegmahe.fr\/wp-content\/uploads\/2025\/04\/bouchon-champagne.webp?fit=600%2C600&ssl=1","datePublished":"2025-04-09T12:36:44+00:00","dateModified":"2026-03-11T08:36:11+00:00","description":"Conservez plus longtemps les fines bulles de votre Champagne G. Mah\u00e9 gr\u00e2ce \u00e0 ce bouchon herm\u00e9tique sp\u00e9cialement con\u00e7u pour les bouteilles de champagne.","breadcrumb":{"@id":"https:\/\/www.champagnegmahe.fr\/boutique\/bouchon-champagne\/#breadcrumb"},"inLanguage":"en-GB","potentialAction":[{"@type":"ReadAction","target":["https:\/\/www.champagnegmahe.fr\/boutique\/bouchon-champagne\/"]}]},{"@type":"ImageObject","inLanguage":"en-GB","@id":"https:\/\/www.champagnegmahe.fr\/boutique\/bouchon-champagne\/#primaryimage","url":"https:\/\/i0.wp.com\/www.champagnegmahe.fr\/wp-content\/uploads\/2025\/04\/bouchon-champagne.webp?fit=600%2C600&ssl=1","contentUrl":"https:\/\/i0.wp.com\/www.champagnegmahe.fr\/wp-content\/uploads\/2025\/04\/bouchon-champagne.webp?fit=600%2C600&ssl=1","width":600,"height":600,"caption":"bouchon champagne G. Mahe\u0301"},{"@type":"BreadcrumbList","@id":"https:\/\/www.champagnegmahe.fr\/boutique\/bouchon-champagne\/#breadcrumb","itemListElement":[{"@type":"ListItem","position":1,"name":"Accueil","item":"https:\/\/www.champagnegmahe.fr\/"},{"@type":"ListItem","position":2,"name":"Boutique","item":"https:\/\/www.champagnegmahe.fr\/boutique\/"},{"@type":"ListItem","position":3,"name":"Bouchon de champagne"}]},{"@type":"WebSite","@id":"https:\/\/www.champagnegmahe.fr\/#website","url":"https:\/\/www.champagnegmahe.fr\/","name":"Champagne G. MAHE","description":"Exploitation viticole \u00e0 Champvoisy, Marne","publisher":{"@id":"https:\/\/www.champagnegmahe.fr\/#organization"},"potentialAction":[{"@type":"SearchAction","target":{"@type":"EntryPoint","urlTemplate":"https:\/\/www.champagnegmahe.fr\/?s={search_term_string}"},"query-input":{"@type":"PropertyValueSpecification","valueRequired":true,"valueName":"search_term_string"}}],"inLanguage":"en-GB"},{"@type":"Organization","@id":"https:\/\/www.champagnegmahe.fr\/#organization","name":"Champagne G. MAHE","url":"https:\/\/www.champagnegmahe.fr\/","logo":{"@type":"ImageObject","inLanguage":"en-GB","@id":"https:\/\/www.champagnegmahe.fr\/#\/schema\/logo\/image\/","url":"https:\/\/i0.wp.com\/www.champagnegmahe.fr\/wp-content\/uploads\/2021\/07\/CGM_logo-site.png?fit=480%2C160&ssl=1","contentUrl":"https:\/\/i0.wp.com\/www.champagnegmahe.fr\/wp-content\/uploads\/2021\/07\/CGM_logo-site.png?fit=480%2C160&ssl=1","width":480,"height":160,"caption":"Champagne G. MAHE"},"image":{"@id":"https:\/\/www.champagnegmahe.fr\/#\/schema\/logo\/image\/"}}]}},"jetpack_sharing_enabled":true,"_links":{"self":[{"href":"https:\/\/www.champagnegmahe.fr\/en\/wp-json\/wp\/v2\/product\/1207","targetHints":{"allow":["GET"]}}],"collection":[{"href":"https:\/\/www.champagnegmahe.fr\/en\/wp-json\/wp\/v2\/product"}],"about":[{"href":"https:\/\/www.champagnegmahe.fr\/en\/wp-json\/wp\/v2\/types\/product"}],"replies":[{"embeddable":true,"href":"https:\/\/www.champagnegmahe.fr\/en\/wp-json\/wp\/v2\/comments?post=1207"}],"wp:featuredmedia":[{"embeddable":true,"href":"https:\/\/www.champagnegmahe.fr\/en\/wp-json\/wp\/v2\/media\/1209"}],"wp:attachment":[{"href":"https:\/\/www.champagnegmahe.fr\/en\/wp-json\/wp\/v2\/media?parent=1207"}],"wp:term":[{"taxonomy":"product_brand","embeddable":true,"href":"https:\/\/www.champagnegmahe.fr\/en\/wp-json\/wp\/v2\/product_brand?post=1207"},{"taxonomy":"product_cat","embeddable":true,"href":"https:\/\/www.champagnegmahe.fr\/en\/wp-json\/wp\/v2\/product_cat?post=1207"},{"taxonomy":"product_tag","embeddable":true,"href":"https:\/\/www.champagnegmahe.fr\/en\/wp-json\/wp\/v2\/product_tag?post=1207"}],"curies":[{"name":"wp","href":"https:\/\/api.w.org\/{rel}","templated":true}]}}